{"id":625,"date":"2024-10-06T20:16:31","date_gmt":"2024-10-06T18:16:31","guid":{"rendered":"https:\/\/heiraten.se\/?page_id=625"},"modified":"2024-10-06T20:19:48","modified_gmt":"2024-10-06T18:19:48","slug":"legal-notice","status":"publish","type":"page","link":"https:\/\/heiraten.se\/de\/legal-notice\/","title":{"rendered":"Legal Notice"},"content":{"rendered":"<h1 class=\"wp-block-heading\">Legal Notice<\/h1>\n\n\n\n<p class=\"wp-block-paragraph\">According to \u00a7 5 TMG<br>Sara Louise Busch<br>Wedding in Sweden \/ Wedding in Denmark<br>Krumme Str. 21<br>48143 M\u00fcnster<br>Contact:<br>E-Mail: info(at)weddingindenmark.dk<br>Tel.: 0251 37837837<\/p>\n\n\n\n<p class=\"wp-block-paragraph\">Editorial responsibility<br>Sara Louise Busch<br>Krumme Str. 21<br>48143 M\u00fcnster<\/p>\n\n\n\n<p class=\"wp-block-paragraph\"><strong>Kontaktdaten des Verantwortlichen f\u00fcr Datenschutz<\/strong><br>Sollten Sie Fragen zum Datenschutz haben, finden Sie nachfolgend die Kontaktdaten der verantwortlichen Person bzw. Stelle:<br>Sara Louise Busch<\/p>\n\n\n\n<h2 class=\"wp-block-heading\" id=\"haftung-fuer-inhalte-dieser-webseite\">Haftung f\u00fcr Inhalte dieser Website<\/h2>\n\n\n\n<p class=\"wp-block-paragraph\">Wir entwickeln die Inhalte dieser Website st\u00e4ndig weiter und bem\u00fchen uns korrekte und aktuelle Informationen bereitzustellen. Leider k\u00f6nnen wir keine Haftung f\u00fcr die Korrektheit aller Inhalte auf dieser Website \u00fcbernehmen, speziell f\u00fcr jene, die seitens Dritter bereitgestellt wurden. Als Diensteanbieter sind wir nicht verpflichtet, die von Ihnen \u00fcbermittelten oder gespeicherten Informationen zu \u00fcberwachen oder nach Umst\u00e4nden zu forschen, die auf eine rechtswidrige T\u00e4tigkeit hinweisen.<\/p>\n\n\n\n<p class=\"wp-block-paragraph\">Unsere Verpflichtungen zur Entfernung von Informationen oder zur Sperrung der Nutzung von Informationen nach den allgemeinen Gesetzen aufgrund von gerichtlichen oder beh\u00f6rdlichen Anordnungen bleiben auch im Falle unserer Nichtverantwortlichkeit davon unber\u00fchrt.<\/p>\n\n\n\n<p class=\"wp-block-paragraph\">Sollten Ihnen problematische oder rechtswidrige Inhalte auffallen, bitte wir Sie uns umgehend zu kontaktieren, damit wir die rechtswidrigen Inhalte entfernen k\u00f6nnen. Sie finden die Kontaktdaten im Impressum.<\/p>\n\n\n\n<h2 class=\"wp-block-heading\" id=\"haftung-links-webseite\">Haftung f\u00fcr Links auf dieser Website<\/h2>\n\n\n\n<p class=\"wp-block-paragraph\">Unsere Website enth\u00e4lt Links zu anderen Websites f\u00fcr deren Inhalt wir nicht verantwortlich sind. Haftung f\u00fcr verlinkte Websites besteht f\u00fcr uns nicht, da wir keine Kenntnis rechtswidriger T\u00e4tigkeiten hatten und haben, uns solche Rechtswidrigkeiten auch bisher nicht aufgefallen sind und wir Links sofort entfernen w\u00fcrden, wenn uns Rechtswidrigkeiten bekannt werden.<\/p>\n\n\n\n<p class=\"wp-block-paragraph\">Wenn Ihnen rechtswidrige Links auf unserer Website auffallen, bitte wir Sie uns zu kontaktieren. Sie finden die Kontaktdaten im Impressum.<\/p>\n\n\n\n<h2 class=\"wp-block-heading\" id=\"urheberrechtshinweis\">Urheberrechtshinweis<\/h2>\n\n\n\n<p class=\"wp-block-paragraph\">Alle Inhalte dieser Webseite (Bilder, Fotos, Texte, Videos) unterliegen dem Urheberrecht. Bitte fragen Sie uns bevor Sie die Inhalte dieser Website verbreiten, vervielf\u00e4ltigen oder verwerten wie zum Beispiel auf anderen Websites erneut ver\u00f6ffentlichen. Falls notwendig, werden wir die unerlaubte Nutzung von Teilen der Inhalte unserer Seite rechtlich verfolgen.<\/p>\n\n\n\n<p class=\"wp-block-paragraph\">Sollten Sie auf dieser Webseite Inhalte finden, die das Urheberrecht verletzen, bitten wir Sie uns zu kontaktieren.<\/p>\n\n\n\n<p class=\"wp-block-paragraph\">Alle Texte sind urheberrechtlich gesch\u00fctzt.<\/p>\n\n\n\n<p class=\"wp-block-paragraph\">Die Europ\u00e4ische Kommission stellt eine Plattform zur Online-Streitbeilegung (OS) bereit:<br><a href=\"https:\/\/ec.europa.eu\/consumers\/odr\/main\/index.cfm?event=main.home2.show&amp;lng=DE\">https:\/\/ec.europa.eu\/consumers\/odr\/main\/index.cfm?event=main.home2.show&amp;lng=DE<\/a><\/p>\n\n\n\n<p class=\"wp-block-paragraph\">Wir sind nicht bereit oder verpflichtet, an Streitbeilegungsverfahren vor einer Verbraucherschlichtungsstelle teilzunehmen.<\/p>","protected":false},"excerpt":{"rendered":"<p>Legal Notice According to \u00a7 5 TMGSara Louise BuschWedding in Sweden \/ Wedding in DenmarkKrumme Str. 2148143 M\u00fcnsterContact:E-Mail: info(at)weddingindenmark.dkTel.: 0251 37837837 Editorial responsibilitySara Louise BuschKrumme Str. 2148143 M\u00fcnster Kontaktdaten des Verantwortlichen f\u00fcr DatenschutzSollten Sie Fragen zum Datenschutz haben, finden Sie nachfolgend die Kontaktdaten der verantwortlichen Person bzw. Stelle:Sara Louise Busch Haftung f\u00fcr Inhalte dieser Website [&hellip;]<\/p>\n","protected":false},"author":231504052,"featured_media":0,"parent":0,"menu_order":0,"comment_status":"closed","ping_status":"closed","template":"","meta":{"_crdt_document":"","footnotes":""},"class_list":["post-625","page","type-page","status-publish","hentry"],"yoast_head":"<!-- This site is optimized with the Yoast SEO plugin v27.5 - https:\/\/yoast.com\/product\/yoast-seo-wordpress\/ -->\n<title>Legal Notice - heiraten.se<\/title>\n<meta name=\"robots\" content=\"index, follow, max-snippet:-1, max-image-preview:large, max-video-preview:-1\" \/>\n<link rel=\"canonical\" href=\"https:\/\/heiraten.se\/de\/legal-notice\/\" \/>\n<meta property=\"og:locale\" content=\"de_DE\" \/>\n<meta property=\"og:type\" content=\"article\" \/>\n<meta property=\"og:title\" content=\"Legal Notice - heiraten.se\" \/>\n<meta property=\"og:description\" content=\"Legal Notice According to \u00a7 5 TMGSara Louise BuschWedding in Sweden \/ Wedding in DenmarkKrumme Str. 2148143 M\u00fcnsterContact:E-Mail: info(at)weddingindenmark.dkTel.: 0251 37837837 Editorial responsibilitySara Louise BuschKrumme Str. 2148143 M\u00fcnster Kontaktdaten des Verantwortlichen f\u00fcr DatenschutzSollten Sie Fragen zum Datenschutz haben, finden Sie nachfolgend die Kontaktdaten der verantwortlichen Person bzw. Stelle:Sara Louise Busch Haftung f\u00fcr Inhalte dieser Website [&hellip;]\" \/>\n<meta property=\"og:url\" content=\"https:\/\/heiraten.se\/de\/legal-notice\/\" \/>\n<meta property=\"og:site_name\" content=\"heiraten.se\" \/>\n<meta property=\"article:modified_time\" content=\"2024-10-06T18:19:48+00:00\" \/>\n<meta property=\"og:image\" content=\"https:\/\/i0.wp.com\/heiraten.se\/wp-content\/uploads\/2024\/07\/monochrome-expressive-photography-logo-blume-copy.png?fit=500%2C500&ssl=1\" \/>\n\t<meta property=\"og:image:width\" content=\"500\" \/>\n\t<meta property=\"og:image:height\" content=\"500\" \/>\n\t<meta property=\"og:image:type\" content=\"image\/png\" \/>\n<meta name=\"twitter:card\" content=\"summary_large_image\" \/>\n<meta name=\"twitter:label1\" content=\"Gesch\u00e4tzte Lesezeit\" \/>\n\t<meta name=\"twitter:data1\" content=\"2\u00a0Minuten\" \/>\n<script type=\"application\/ld+json\" class=\"yoast-schema-graph\">{\"@context\":\"https:\\\/\\\/schema.org\",\"@graph\":[{\"@type\":\"WebPage\",\"@id\":\"https:\\\/\\\/heiraten.se\\\/legal-notice\\\/\",\"url\":\"https:\\\/\\\/heiraten.se\\\/legal-notice\\\/\",\"name\":\"Legal Notice - heiraten.se\",\"isPartOf\":{\"@id\":\"https:\\\/\\\/heiraten.se\\\/#website\"},\"datePublished\":\"2024-10-06T18:16:31+00:00\",\"dateModified\":\"2024-10-06T18:19:48+00:00\",\"breadcrumb\":{\"@id\":\"https:\\\/\\\/heiraten.se\\\/legal-notice\\\/#breadcrumb\"},\"inLanguage\":\"de\",\"potentialAction\":[{\"@type\":\"ReadAction\",\"target\":[\"https:\\\/\\\/heiraten.se\\\/legal-notice\\\/\"]}]},{\"@type\":\"BreadcrumbList\",\"@id\":\"https:\\\/\\\/heiraten.se\\\/legal-notice\\\/#breadcrumb\",\"itemListElement\":[{\"@type\":\"ListItem\",\"position\":1,\"name\":\"Startseite\",\"item\":\"https:\\\/\\\/heiraten.se\\\/\"},{\"@type\":\"ListItem\",\"position\":2,\"name\":\"Legal Notice\"}]},{\"@type\":\"WebSite\",\"@id\":\"https:\\\/\\\/heiraten.se\\\/#website\",\"url\":\"https:\\\/\\\/heiraten.se\\\/\",\"name\":\"heiraten.se\",\"description\":\"Heiraten in Schweden\",\"publisher\":{\"@id\":\"https:\\\/\\\/heiraten.se\\\/#organization\"},\"alternateName\":\"Heiraten in Schweden\",\"potentialAction\":[{\"@type\":\"SearchAction\",\"target\":{\"@type\":\"EntryPoint\",\"urlTemplate\":\"https:\\\/\\\/heiraten.se\\\/?s={search_term_string}\"},\"query-input\":{\"@type\":\"PropertyValueSpecification\",\"valueRequired\":true,\"valueName\":\"search_term_string\"}}],\"inLanguage\":\"de\"},{\"@type\":\"Organization\",\"@id\":\"https:\\\/\\\/heiraten.se\\\/#organization\",\"name\":\"heiraten.se\",\"alternateName\":\"Heiraten in Schweden\",\"url\":\"https:\\\/\\\/heiraten.se\\\/\",\"logo\":{\"@type\":\"ImageObject\",\"inLanguage\":\"de\",\"@id\":\"https:\\\/\\\/heiraten.se\\\/#\\\/schema\\\/logo\\\/image\\\/\",\"url\":\"https:\\\/\\\/i0.wp.com\\\/heiraten.se\\\/wp-content\\\/uploads\\\/2024\\\/10\\\/monochrome-expressive-photography-logo-blume-copy.png?fit=437%2C176&ssl=1\",\"contentUrl\":\"https:\\\/\\\/i0.wp.com\\\/heiraten.se\\\/wp-content\\\/uploads\\\/2024\\\/10\\\/monochrome-expressive-photography-logo-blume-copy.png?fit=437%2C176&ssl=1\",\"width\":437,\"height\":176,\"caption\":\"heiraten.se\"},\"image\":{\"@id\":\"https:\\\/\\\/heiraten.se\\\/#\\\/schema\\\/logo\\\/image\\\/\"}}]}<\/script>\n<!-- \/ Yoast SEO plugin. -->","yoast_head_json":{"title":"Legal Notice - heiraten.se","robots":{"index":"index","follow":"follow","max-snippet":"max-snippet:-1","max-image-preview":"max-image-preview:large","max-video-preview":"max-video-preview:-1"},"canonical":"https:\/\/heiraten.se\/de\/legal-notice\/","og_locale":"de_DE","og_type":"article","og_title":"Legal Notice - heiraten.se","og_description":"Legal Notice According to \u00a7 5 TMGSara Louise BuschWedding in Sweden \/ Wedding in DenmarkKrumme Str. 2148143 M\u00fcnsterContact:E-Mail: info(at)weddingindenmark.dkTel.: 0251 37837837 Editorial responsibilitySara Louise BuschKrumme Str. 2148143 M\u00fcnster Kontaktdaten des Verantwortlichen f\u00fcr DatenschutzSollten Sie Fragen zum Datenschutz haben, finden Sie nachfolgend die Kontaktdaten der verantwortlichen Person bzw. Stelle:Sara Louise Busch Haftung f\u00fcr Inhalte dieser Website [&hellip;]","og_url":"https:\/\/heiraten.se\/de\/legal-notice\/","og_site_name":"heiraten.se","article_modified_time":"2024-10-06T18:19:48+00:00","og_image":[{"width":500,"height":500,"url":"https:\/\/i0.wp.com\/heiraten.se\/wp-content\/uploads\/2024\/07\/monochrome-expressive-photography-logo-blume-copy.png?fit=500%2C500&ssl=1","type":"image\/png"}],"twitter_card":"summary_large_image","twitter_misc":{"Gesch\u00e4tzte Lesezeit":"2\u00a0Minuten"},"schema":{"@context":"https:\/\/schema.org","@graph":[{"@type":"WebPage","@id":"https:\/\/heiraten.se\/legal-notice\/","url":"https:\/\/heiraten.se\/legal-notice\/","name":"Legal Notice - heiraten.se","isPartOf":{"@id":"https:\/\/heiraten.se\/#website"},"datePublished":"2024-10-06T18:16:31+00:00","dateModified":"2024-10-06T18:19:48+00:00","breadcrumb":{"@id":"https:\/\/heiraten.se\/legal-notice\/#breadcrumb"},"inLanguage":"de","potentialAction":[{"@type":"ReadAction","target":["https:\/\/heiraten.se\/legal-notice\/"]}]},{"@type":"BreadcrumbList","@id":"https:\/\/heiraten.se\/legal-notice\/#breadcrumb","itemListElement":[{"@type":"ListItem","position":1,"name":"Startseite","item":"https:\/\/heiraten.se\/"},{"@type":"ListItem","position":2,"name":"Legal Notice"}]},{"@type":"WebSite","@id":"https:\/\/heiraten.se\/#website","url":"https:\/\/heiraten.se\/","name":"heiraten.se","description":"Heiraten in Schweden","publisher":{"@id":"https:\/\/heiraten.se\/#organization"},"alternateName":"Heiraten in Schweden","potentialAction":[{"@type":"SearchAction","target":{"@type":"EntryPoint","urlTemplate":"https:\/\/heiraten.se\/?s={search_term_string}"},"query-input":{"@type":"PropertyValueSpecification","valueRequired":true,"valueName":"search_term_string"}}],"inLanguage":"de"},{"@type":"Organization","@id":"https:\/\/heiraten.se\/#organization","name":"heiraten.se","alternateName":"Heiraten in Schweden","url":"https:\/\/heiraten.se\/","logo":{"@type":"ImageObject","inLanguage":"de","@id":"https:\/\/heiraten.se\/#\/schema\/logo\/image\/","url":"https:\/\/i0.wp.com\/heiraten.se\/wp-content\/uploads\/2024\/10\/monochrome-expressive-photography-logo-blume-copy.png?fit=437%2C176&ssl=1","contentUrl":"https:\/\/i0.wp.com\/heiraten.se\/wp-content\/uploads\/2024\/10\/monochrome-expressive-photography-logo-blume-copy.png?fit=437%2C176&ssl=1","width":437,"height":176,"caption":"heiraten.se"},"image":{"@id":"https:\/\/heiraten.se\/#\/schema\/logo\/image\/"}}]}},"jetpack_likes_enabled":true,"jetpack_sharing_enabled":true,"jetpack_shortlink":"https:\/\/wp.me\/PfDBCo-a5","jetpack-related-posts":[],"_links":{"self":[{"href":"https:\/\/heiraten.se\/de\/wp-json\/wp\/v2\/pages\/625","targetHints":{"allow":["GET"]}}],"collection":[{"href":"https:\/\/heiraten.se\/de\/wp-json\/wp\/v2\/pages"}],"about":[{"href":"https:\/\/heiraten.se\/de\/wp-json\/wp\/v2\/types\/page"}],"author":[{"embeddable":true,"href":"https:\/\/heiraten.se\/de\/wp-json\/wp\/v2\/users\/231504052"}],"replies":[{"embeddable":true,"href":"https:\/\/heiraten.se\/de\/wp-json\/wp\/v2\/comments?post=625"}],"version-history":[{"count":2,"href":"https:\/\/heiraten.se\/de\/wp-json\/wp\/v2\/pages\/625\/revisions"}],"predecessor-version":[{"id":633,"href":"https:\/\/heiraten.se\/de\/wp-json\/wp\/v2\/pages\/625\/revisions\/633"}],"wp:attachment":[{"href":"https:\/\/heiraten.se\/de\/wp-json\/wp\/v2\/media?parent=625"}],"curies":[{"name":"wp","href":"https:\/\/api.w.org\/{rel}","templated":true}]}}