{"id":551,"date":"2024-10-02T22:27:06","date_gmt":"2024-10-02T20:27:06","guid":{"rendered":"https:\/\/heiraten.se\/?post_type=product&#038;p=551"},"modified":"2024-11-05T13:18:10","modified_gmt":"2024-11-05T12:18:10","slug":"townhall-wedding","status":"publish","type":"product","link":"https:\/\/heiraten.se\/de\/vare\/townhall-wedding\/","title":{"rendered":"Town-Hall Wedding"},"content":{"rendered":"<p class=\"has-text-align-center\">Erleben Sie den Charme einer schwedischen Rathaushochzeit mit unserem\u00a0<em>Hochzeit in Rathaus<\/em>\u00a0Paket. Ideal f\u00fcr Paare, die eine intime, elegante Zeremonie in historischem Ambiente w\u00fcnschen. Wir k\u00fcmmern uns um alle Details, damit Sie sich auf Ihren besonderen Moment konzentrieren k\u00f6nnen.<\/p>","protected":false},"excerpt":{"rendered":"<p>Experience the charm of a Swedish town hall wedding with our\u00a0Townhall Wedding\u00a0package. Ideal for couples seeking an intimate, elegant ceremony in a historic setting, we handle all the details so you can focus on your special moment.<\/p>","protected":false},"featured_media":782,"template":"","meta":{"_crdt_document":"","jetpack_post_was_ever_published":false,"jetpack_publicize_message":"","jetpack_publicize_feature_enabled":true,"jetpack_social_post_already_shared":true,"jetpack_social_options":{"image_generator_settings":{"template":"highway","default_image_id":0,"font":"","enabled":false},"version":2},"_wpas_customize_per_network":false},"product_brand":[],"product_cat":[],"product_tag":[],"class_list":{"0":"post-551","1":"product","2":"type-product","3":"status-publish","4":"has-post-thumbnail","7":"first","8":"instock","9":"virtual","10":"taxable","11":"purchasable","12":"product-type-simple"},"yoast_head":"<!-- This site is optimized with the Yoast SEO plugin v27.3 - https:\/\/yoast.com\/product\/yoast-seo-wordpress\/ -->\n<title>Town-Hall Wedding - heiraten.se<\/title>\n<meta name=\"robots\" content=\"index, follow, max-snippet:-1, max-image-preview:large, max-video-preview:-1\" \/>\n<link rel=\"canonical\" href=\"https:\/\/heiraten.se\/de\/vare\/townhall-wedding\/\" \/>\n<meta property=\"og:locale\" content=\"de_DE\" \/>\n<meta property=\"og:type\" content=\"article\" \/>\n<meta property=\"og:title\" content=\"Town-Hall Wedding - heiraten.se\" \/>\n<meta property=\"og:description\" content=\"Experience the charm of a Swedish town hall wedding with our\u00a0Townhall Wedding\u00a0package. Ideal for couples seeking an intimate, elegant ceremony in a historic setting, we handle all the details so you can focus on your special moment.\" \/>\n<meta property=\"og:url\" content=\"https:\/\/heiraten.se\/de\/vare\/townhall-wedding\/\" \/>\n<meta property=\"og:site_name\" content=\"heiraten.se\" \/>\n<meta property=\"article:modified_time\" content=\"2024-11-05T12:18:10+00:00\" \/>\n<meta property=\"og:image\" content=\"https:\/\/heiraten.se\/wp-content\/uploads\/2024\/10\/small_pexels-pawel-kolesnik-1351721912-edited.webp\" \/>\n\t<meta property=\"og:image:width\" content=\"3759\" \/>\n\t<meta property=\"og:image:height\" content=\"3759\" \/>\n\t<meta property=\"og:image:type\" content=\"image\/webp\" \/>\n<meta name=\"twitter:card\" content=\"summary_large_image\" \/>\n<meta name=\"twitter:label1\" content=\"Gesch\u00e4tzte Lesezeit\" \/>\n\t<meta name=\"twitter:data1\" content=\"1\u00a0Minute\" \/>\n<script type=\"application\/ld+json\" class=\"yoast-schema-graph\">{\"@context\":\"https:\\\/\\\/schema.org\",\"@graph\":[{\"@type\":\"WebPage\",\"@id\":\"https:\\\/\\\/heiraten.se\\\/vare\\\/townhall-wedding\\\/\",\"url\":\"https:\\\/\\\/heiraten.se\\\/vare\\\/townhall-wedding\\\/\",\"name\":\"Town-Hall Wedding - heiraten.se\",\"isPartOf\":{\"@id\":\"https:\\\/\\\/heiraten.se\\\/#website\"},\"primaryImageOfPage\":{\"@id\":\"https:\\\/\\\/heiraten.se\\\/vare\\\/townhall-wedding\\\/#primaryimage\"},\"image\":{\"@id\":\"https:\\\/\\\/heiraten.se\\\/vare\\\/townhall-wedding\\\/#primaryimage\"},\"thumbnailUrl\":\"https:\\\/\\\/i0.wp.com\\\/heiraten.se\\\/wp-content\\\/uploads\\\/2024\\\/10\\\/small_pexels-pawel-kolesnik-1351721912-edited.webp?fit=3759%2C3759&ssl=1\",\"datePublished\":\"2024-10-02T20:27:06+00:00\",\"dateModified\":\"2024-11-05T12:18:10+00:00\",\"breadcrumb\":{\"@id\":\"https:\\\/\\\/heiraten.se\\\/vare\\\/townhall-wedding\\\/#breadcrumb\"},\"inLanguage\":\"de\",\"potentialAction\":[{\"@type\":\"ReadAction\",\"target\":[\"https:\\\/\\\/heiraten.se\\\/vare\\\/townhall-wedding\\\/\"]}]},{\"@type\":\"ImageObject\",\"inLanguage\":\"de\",\"@id\":\"https:\\\/\\\/heiraten.se\\\/vare\\\/townhall-wedding\\\/#primaryimage\",\"url\":\"https:\\\/\\\/i0.wp.com\\\/heiraten.se\\\/wp-content\\\/uploads\\\/2024\\\/10\\\/small_pexels-pawel-kolesnik-1351721912-edited.webp?fit=3759%2C3759&ssl=1\",\"contentUrl\":\"https:\\\/\\\/i0.wp.com\\\/heiraten.se\\\/wp-content\\\/uploads\\\/2024\\\/10\\\/small_pexels-pawel-kolesnik-1351721912-edited.webp?fit=3759%2C3759&ssl=1\",\"width\":3759,\"height\":3759,\"caption\":\"A beautiful image of a historic building by the waterfront, likely in a European city. In the foreground, a floating platform with two sun loungers and an umbrella rests on the calm water. The sky is partly cloudy, with soft light from the sun nearing either sunset or sunrise, creating a peaceful atmosphere.\"},{\"@type\":\"BreadcrumbList\",\"@id\":\"https:\\\/\\\/heiraten.se\\\/vare\\\/townhall-wedding\\\/#breadcrumb\",\"itemListElement\":[{\"@type\":\"ListItem\",\"position\":1,\"name\":\"Startseite\",\"item\":\"https:\\\/\\\/heiraten.se\\\/\"},{\"@type\":\"ListItem\",\"position\":2,\"name\":\"Shop\",\"item\":\"https:\\\/\\\/heiraten.se\\\/shop\\\/\"},{\"@type\":\"ListItem\",\"position\":3,\"name\":\"Town-Hall Wedding\"}]},{\"@type\":\"WebSite\",\"@id\":\"https:\\\/\\\/heiraten.se\\\/#website\",\"url\":\"https:\\\/\\\/heiraten.se\\\/\",\"name\":\"heiraten.se\",\"description\":\"Heiraten in Schweden\",\"publisher\":{\"@id\":\"https:\\\/\\\/heiraten.se\\\/#organization\"},\"alternateName\":\"Heiraten in Schweden\",\"potentialAction\":[{\"@type\":\"SearchAction\",\"target\":{\"@type\":\"EntryPoint\",\"urlTemplate\":\"https:\\\/\\\/heiraten.se\\\/?s={search_term_string}\"},\"query-input\":{\"@type\":\"PropertyValueSpecification\",\"valueRequired\":true,\"valueName\":\"search_term_string\"}}],\"inLanguage\":\"de\"},{\"@type\":\"Organization\",\"@id\":\"https:\\\/\\\/heiraten.se\\\/#organization\",\"name\":\"heiraten.se\",\"alternateName\":\"Heiraten in Schweden\",\"url\":\"https:\\\/\\\/heiraten.se\\\/\",\"logo\":{\"@type\":\"ImageObject\",\"inLanguage\":\"de\",\"@id\":\"https:\\\/\\\/heiraten.se\\\/#\\\/schema\\\/logo\\\/image\\\/\",\"url\":\"https:\\\/\\\/i0.wp.com\\\/heiraten.se\\\/wp-content\\\/uploads\\\/2024\\\/10\\\/monochrome-expressive-photography-logo-blume-copy.png?fit=437%2C176&ssl=1\",\"contentUrl\":\"https:\\\/\\\/i0.wp.com\\\/heiraten.se\\\/wp-content\\\/uploads\\\/2024\\\/10\\\/monochrome-expressive-photography-logo-blume-copy.png?fit=437%2C176&ssl=1\",\"width\":437,\"height\":176,\"caption\":\"heiraten.se\"},\"image\":{\"@id\":\"https:\\\/\\\/heiraten.se\\\/#\\\/schema\\\/logo\\\/image\\\/\"}}]}<\/script>\n<!-- \/ Yoast SEO plugin. -->","yoast_head_json":{"title":"Town-Hall Wedding - heiraten.se","robots":{"index":"index","follow":"follow","max-snippet":"max-snippet:-1","max-image-preview":"max-image-preview:large","max-video-preview":"max-video-preview:-1"},"canonical":"https:\/\/heiraten.se\/de\/vare\/townhall-wedding\/","og_locale":"de_DE","og_type":"article","og_title":"Town-Hall Wedding - heiraten.se","og_description":"Experience the charm of a Swedish town hall wedding with our\u00a0Townhall Wedding\u00a0package. Ideal for couples seeking an intimate, elegant ceremony in a historic setting, we handle all the details so you can focus on your special moment.","og_url":"https:\/\/heiraten.se\/de\/vare\/townhall-wedding\/","og_site_name":"heiraten.se","article_modified_time":"2024-11-05T12:18:10+00:00","og_image":[{"width":3759,"height":3759,"url":"https:\/\/heiraten.se\/wp-content\/uploads\/2024\/10\/small_pexels-pawel-kolesnik-1351721912-edited.webp","type":"image\/webp"}],"twitter_card":"summary_large_image","twitter_misc":{"Gesch\u00e4tzte Lesezeit":"1\u00a0Minute"},"schema":{"@context":"https:\/\/schema.org","@graph":[{"@type":"WebPage","@id":"https:\/\/heiraten.se\/vare\/townhall-wedding\/","url":"https:\/\/heiraten.se\/vare\/townhall-wedding\/","name":"Town-Hall Wedding - heiraten.se","isPartOf":{"@id":"https:\/\/heiraten.se\/#website"},"primaryImageOfPage":{"@id":"https:\/\/heiraten.se\/vare\/townhall-wedding\/#primaryimage"},"image":{"@id":"https:\/\/heiraten.se\/vare\/townhall-wedding\/#primaryimage"},"thumbnailUrl":"https:\/\/i0.wp.com\/heiraten.se\/wp-content\/uploads\/2024\/10\/small_pexels-pawel-kolesnik-1351721912-edited.webp?fit=3759%2C3759&ssl=1","datePublished":"2024-10-02T20:27:06+00:00","dateModified":"2024-11-05T12:18:10+00:00","breadcrumb":{"@id":"https:\/\/heiraten.se\/vare\/townhall-wedding\/#breadcrumb"},"inLanguage":"de","potentialAction":[{"@type":"ReadAction","target":["https:\/\/heiraten.se\/vare\/townhall-wedding\/"]}]},{"@type":"ImageObject","inLanguage":"de","@id":"https:\/\/heiraten.se\/vare\/townhall-wedding\/#primaryimage","url":"https:\/\/i0.wp.com\/heiraten.se\/wp-content\/uploads\/2024\/10\/small_pexels-pawel-kolesnik-1351721912-edited.webp?fit=3759%2C3759&ssl=1","contentUrl":"https:\/\/i0.wp.com\/heiraten.se\/wp-content\/uploads\/2024\/10\/small_pexels-pawel-kolesnik-1351721912-edited.webp?fit=3759%2C3759&ssl=1","width":3759,"height":3759,"caption":"A beautiful image of a historic building by the waterfront, likely in a European city. In the foreground, a floating platform with two sun loungers and an umbrella rests on the calm water. The sky is partly cloudy, with soft light from the sun nearing either sunset or sunrise, creating a peaceful atmosphere."},{"@type":"BreadcrumbList","@id":"https:\/\/heiraten.se\/vare\/townhall-wedding\/#breadcrumb","itemListElement":[{"@type":"ListItem","position":1,"name":"Startseite","item":"https:\/\/heiraten.se\/"},{"@type":"ListItem","position":2,"name":"Shop","item":"https:\/\/heiraten.se\/shop\/"},{"@type":"ListItem","position":3,"name":"Town-Hall Wedding"}]},{"@type":"WebSite","@id":"https:\/\/heiraten.se\/#website","url":"https:\/\/heiraten.se\/","name":"heiraten.se","description":"Heiraten in Schweden","publisher":{"@id":"https:\/\/heiraten.se\/#organization"},"alternateName":"Heiraten in Schweden","potentialAction":[{"@type":"SearchAction","target":{"@type":"EntryPoint","urlTemplate":"https:\/\/heiraten.se\/?s={search_term_string}"},"query-input":{"@type":"PropertyValueSpecification","valueRequired":true,"valueName":"search_term_string"}}],"inLanguage":"de"},{"@type":"Organization","@id":"https:\/\/heiraten.se\/#organization","name":"heiraten.se","alternateName":"Heiraten in Schweden","url":"https:\/\/heiraten.se\/","logo":{"@type":"ImageObject","inLanguage":"de","@id":"https:\/\/heiraten.se\/#\/schema\/logo\/image\/","url":"https:\/\/i0.wp.com\/heiraten.se\/wp-content\/uploads\/2024\/10\/monochrome-expressive-photography-logo-blume-copy.png?fit=437%2C176&ssl=1","contentUrl":"https:\/\/i0.wp.com\/heiraten.se\/wp-content\/uploads\/2024\/10\/monochrome-expressive-photography-logo-blume-copy.png?fit=437%2C176&ssl=1","width":437,"height":176,"caption":"heiraten.se"},"image":{"@id":"https:\/\/heiraten.se\/#\/schema\/logo\/image\/"}}]}},"jetpack_publicize_connections":[],"jetpack_likes_enabled":true,"jetpack_sharing_enabled":true,"jetpack-related-posts":[],"_links":{"self":[{"href":"https:\/\/heiraten.se\/de\/wp-json\/wp\/v2\/product\/551","targetHints":{"allow":["GET"]}}],"collection":[{"href":"https:\/\/heiraten.se\/de\/wp-json\/wp\/v2\/product"}],"about":[{"href":"https:\/\/heiraten.se\/de\/wp-json\/wp\/v2\/types\/product"}],"wp:featuredmedia":[{"embeddable":true,"href":"https:\/\/heiraten.se\/de\/wp-json\/wp\/v2\/media\/782"}],"wp:attachment":[{"href":"https:\/\/heiraten.se\/de\/wp-json\/wp\/v2\/media?parent=551"}],"wp:term":[{"taxonomy":"product_brand","embeddable":true,"href":"https:\/\/heiraten.se\/de\/wp-json\/wp\/v2\/product_brand?post=551"},{"taxonomy":"product_cat","embeddable":true,"href":"https:\/\/heiraten.se\/de\/wp-json\/wp\/v2\/product_cat?post=551"},{"taxonomy":"product_tag","embeddable":true,"href":"https:\/\/heiraten.se\/de\/wp-json\/wp\/v2\/product_tag?post=551"}],"curies":[{"name":"wp","href":"https:\/\/api.w.org\/{rel}","templated":true}]}}